{"id":559,"date":"2016-08-02T21:29:11","date_gmt":"2016-08-02T21:29:11","guid":{"rendered":"http:\/\/valkiriaseventos.com.ar\/valkirias-shows\/?page_id=559"},"modified":"2017-03-09T18:01:31","modified_gmt":"2017-03-09T18:01:31","slug":"grupos-de-animacion-y-disfraces","status":"publish","type":"page","link":"https:\/\/valkiriaseventos.com.ar\/valkirias-shows\/grupos-de-animacion-y-disfraces\/","title":{"rendered":"Grupos de Animaci\u00f3n &#8211; Luminicos &#8211; Electr\u00f3nicos &#8211; Coreogr\u00e1ficos \u2013 Disfraces"},"content":{"rendered":"<section class=\"hcode-row-1\"><div class=\"wpb_column hcode-column-container vc_col-sm-12 col-xs-mobile-fullwidth\" data-front-class=\"col-xs-mobile-fullwidth\"><div class=\"vc-column-innner-wrapper\"><div  class=\"work-4col gutter work-with-title \"><div class=\"col-md-12  grid-gallery overflow-hidden  content-section\"><div class=\"tab-content portfolio-infinite-scroll-pagination\"><ul class=\"grid masonry-items masonry-portfolio-grid   hcode-portfolio-1\" data-portfolio=\"\" data-uniqueid=\"hcode-portfolio-1\"><li class=\"portfolio-filter-15 \"><figure><div class=\"gallery-img\"><a href=\"https:\/\/valkiriaseventos.com.ar\/valkirias-shows\/show\/rayoman\/\"><img loading=\"lazy\" decoding=\"async\" width=\"1000\" height=\"667\" src=\"https:\/\/valkiriaseventos.com.ar\/valkirias-shows\/wp-content\/uploads\/2017\/03\/rayoman-valkirias-shows3.jpg\" class=\"hcode-portfolio-img wp-post-image\" alt=\"rayoman valkirias eventos\" srcset=\"https:\/\/valkiriaseventos.com.ar\/valkirias-shows\/wp-content\/uploads\/2017\/03\/rayoman-valkirias-shows3.jpg 1000w, https:\/\/valkiriaseventos.com.ar\/valkirias-shows\/wp-content\/uploads\/2017\/03\/rayoman-valkirias-shows3-300x200.jpg 300w, https:\/\/valkiriaseventos.com.ar\/valkirias-shows\/wp-content\/uploads\/2017\/03\/rayoman-valkirias-shows3-768x512.jpg 768w\" sizes=\"auto, (max-width: 1000px) 100vw, 1000px\" \/><\/a><\/div><figcaption><h3 class=\"\"><a href=\"https:\/\/valkiriaseventos.com.ar\/valkirias-shows\/show\/rayoman\/\">RAYOMAN<\/a><\/h3><p class=\"\">[ VER M\u00c1S ]<\/p><\/figcaption><\/figure><\/li><li class=\"portfolio-filter-15 \"><figure><div class=\"gallery-img\"><a href=\"https:\/\/valkiriaseventos.com.ar\/valkirias-shows\/show\/neon-show\/\"><img loading=\"lazy\" decoding=\"async\" width=\"1000\" height=\"667\" src=\"https:\/\/valkiriaseventos.com.ar\/valkirias-shows\/wp-content\/uploads\/2016\/08\/neon-show-valkirias-eventos-shows-1.jpg\" class=\"hcode-portfolio-img wp-post-image\" alt=\"\" srcset=\"https:\/\/valkiriaseventos.com.ar\/valkirias-shows\/wp-content\/uploads\/2016\/08\/neon-show-valkirias-eventos-shows-1.jpg 1000w, https:\/\/valkiriaseventos.com.ar\/valkirias-shows\/wp-content\/uploads\/2016\/08\/neon-show-valkirias-eventos-shows-1-300x200.jpg 300w, https:\/\/valkiriaseventos.com.ar\/valkirias-shows\/wp-content\/uploads\/2016\/08\/neon-show-valkirias-eventos-shows-1-768x512.jpg 768w\" sizes=\"auto, (max-width: 1000px) 100vw, 1000px\" \/><\/a><\/div><figcaption><h3 class=\"\"><a href=\"https:\/\/valkiriaseventos.com.ar\/valkirias-shows\/show\/neon-show\/\">NEON SHOW<\/a><\/h3><p class=\"\">[ VER M\u00c1S ]<\/p><\/figcaption><\/figure><\/li><li class=\"portfolio-filter-46 portfolio-filter-15 \"><figure><div class=\"gallery-img\"><a href=\"https:\/\/valkiriaseventos.com.ar\/valkirias-shows\/show\/valet-show\/\"><img loading=\"lazy\" decoding=\"async\" width=\"1000\" height=\"667\" src=\"https:\/\/valkiriaseventos.com.ar\/valkirias-shows\/wp-content\/uploads\/2016\/08\/valet-show-valkirias-eventos-shows-3.jpg\" class=\"hcode-portfolio-img wp-post-image\" alt=\"\" srcset=\"https:\/\/valkiriaseventos.com.ar\/valkirias-shows\/wp-content\/uploads\/2016\/08\/valet-show-valkirias-eventos-shows-3.jpg 1000w, https:\/\/valkiriaseventos.com.ar\/valkirias-shows\/wp-content\/uploads\/2016\/08\/valet-show-valkirias-eventos-shows-3-300x200.jpg 300w, https:\/\/valkiriaseventos.com.ar\/valkirias-shows\/wp-content\/uploads\/2016\/08\/valet-show-valkirias-eventos-shows-3-768x512.jpg 768w\" sizes=\"auto, (max-width: 1000px) 100vw, 1000px\" \/><\/a><\/div><figcaption><h3 class=\"\"><a href=\"https:\/\/valkiriaseventos.com.ar\/valkirias-shows\/show\/valet-show\/\">VALET SHOW<\/a><\/h3><p class=\"\">[ VER M\u00c1S ]<\/p><\/figcaption><\/figure><\/li><li class=\"portfolio-filter-15 \"><figure><div class=\"gallery-img\"><a href=\"https:\/\/valkiriaseventos.com.ar\/valkirias-shows\/show\/hit-man\"><img loading=\"lazy\" decoding=\"async\" width=\"1000\" height=\"667\" src=\"https:\/\/valkiriaseventos.com.ar\/valkirias-shows\/wp-content\/uploads\/2016\/08\/hit-man-valkirias-shows-1.jpg\" class=\"hcode-portfolio-img wp-post-image\" alt=\"\" srcset=\"https:\/\/valkiriaseventos.com.ar\/valkirias-shows\/wp-content\/uploads\/2016\/08\/hit-man-valkirias-shows-1.jpg 1000w, https:\/\/valkiriaseventos.com.ar\/valkirias-shows\/wp-content\/uploads\/2016\/08\/hit-man-valkirias-shows-1-300x200.jpg 300w, https:\/\/valkiriaseventos.com.ar\/valkirias-shows\/wp-content\/uploads\/2016\/08\/hit-man-valkirias-shows-1-768x512.jpg 768w\" sizes=\"auto, (max-width: 1000px) 100vw, 1000px\" \/><\/a><\/div><figcaption><h3 class=\"\"><a href=\"https:\/\/valkiriaseventos.com.ar\/valkirias-shows\/show\/hit-man\">HIT-MAN PERCUSI\u00d3N<\/a><\/h3><p class=\"\">[ VER M\u00c1S ]<\/p><\/figcaption><\/figure><\/li><li class=\"portfolio-filter-46 portfolio-filter-15 \"><figure><div class=\"gallery-img\"><a href=\"https:\/\/valkiriaseventos.com.ar\/valkirias-shows\/portfolio\/lasermania\/\"><img loading=\"lazy\" decoding=\"async\" width=\"1000\" height=\"667\" src=\"https:\/\/valkiriaseventos.com.ar\/valkirias-shows\/wp-content\/uploads\/2016\/08\/lasermania-valkirias-eventos-shows-4.jpg\" class=\"hcode-portfolio-img wp-post-image\" alt=\"\" srcset=\"https:\/\/valkiriaseventos.com.ar\/valkirias-shows\/wp-content\/uploads\/2016\/08\/lasermania-valkirias-eventos-shows-4.jpg 1000w, https:\/\/valkiriaseventos.com.ar\/valkirias-shows\/wp-content\/uploads\/2016\/08\/lasermania-valkirias-eventos-shows-4-300x200.jpg 300w, https:\/\/valkiriaseventos.com.ar\/valkirias-shows\/wp-content\/uploads\/2016\/08\/lasermania-valkirias-eventos-shows-4-768x512.jpg 768w\" sizes=\"auto, (max-width: 1000px) 100vw, 1000px\" \/><\/a><\/div><figcaption><h3 class=\"\"><a href=\"https:\/\/valkiriaseventos.com.ar\/valkirias-shows\/portfolio\/lasermania\/\">LASERMANIA<\/a><\/h3><p class=\"\">[ VER M\u00c1S ]<\/p><\/figcaption><\/figure><\/li><li class=\"portfolio-filter-15 \"><figure><div class=\"gallery-img\"><a href=\"https:\/\/valkiriaseventos.com.ar\/valkirias-shows\/show\/line-up-fest\/\"><img loading=\"lazy\" decoding=\"async\" width=\"500\" height=\"333\" src=\"https:\/\/valkiriaseventos.com.ar\/valkirias-shows\/wp-content\/uploads\/2018\/06\/valkirias-shows-line-up-1.jpg\" class=\"hcode-portfolio-img wp-post-image\" alt=\"\" srcset=\"https:\/\/valkiriaseventos.com.ar\/valkirias-shows\/wp-content\/uploads\/2018\/06\/valkirias-shows-line-up-1.jpg 500w, https:\/\/valkiriaseventos.com.ar\/valkirias-shows\/wp-content\/uploads\/2018\/06\/valkirias-shows-line-up-1-300x200.jpg 300w, https:\/\/valkiriaseventos.com.ar\/valkirias-shows\/wp-content\/uploads\/2018\/06\/valkirias-shows-line-up-1-81x54.jpg 81w\" sizes=\"auto, (max-width: 500px) 100vw, 500px\" \/><\/a><\/div><figcaption><h3 class=\"\"><a href=\"https:\/\/valkiriaseventos.com.ar\/valkirias-shows\/show\/line-up-fest\/\">LINE UP FEST<\/a><\/h3><p class=\"\">[ VER M\u00c1S ]<\/p><\/figcaption><\/figure><\/li><li class=\"portfolio-filter-15 \"><figure><div class=\"gallery-img\"><a href=\"https:\/\/valkiriaseventos.com.ar\/valkirias-shows\/show\/aperturas-coreograficas-para-tandas-de-baile\/\"><img loading=\"lazy\" decoding=\"async\" width=\"1000\" height=\"667\" src=\"https:\/\/valkiriaseventos.com.ar\/valkirias-shows\/wp-content\/uploads\/2020\/04\/aperturas-tandas-de-baile-valkirias-shows-2.jpg\" class=\"hcode-portfolio-img wp-post-image\" alt=\"\" srcset=\"https:\/\/valkiriaseventos.com.ar\/valkirias-shows\/wp-content\/uploads\/2020\/04\/aperturas-tandas-de-baile-valkirias-shows-2.jpg 1000w, https:\/\/valkiriaseventos.com.ar\/valkirias-shows\/wp-content\/uploads\/2020\/04\/aperturas-tandas-de-baile-valkirias-shows-2-300x200.jpg 300w, https:\/\/valkiriaseventos.com.ar\/valkirias-shows\/wp-content\/uploads\/2020\/04\/aperturas-tandas-de-baile-valkirias-shows-2-768x512.jpg 768w, https:\/\/valkiriaseventos.com.ar\/valkirias-shows\/wp-content\/uploads\/2020\/04\/aperturas-tandas-de-baile-valkirias-shows-2-81x54.jpg 81w\" sizes=\"auto, (max-width: 1000px) 100vw, 1000px\" \/><\/a><\/div><figcaption><h3 class=\"\"><a href=\"https:\/\/valkiriaseventos.com.ar\/valkirias-shows\/show\/aperturas-coreograficas-para-tandas-de-baile\/\">APERTURAS COREOGR\u00c1FICAS PARA TANDAS DE BAILE<\/a><\/h3><p class=\"\">[ VER M\u00c1S ]<\/p><\/figcaption><\/figure><\/li><\/ul><\/div><\/div><\/div><\/div><\/div><\/section>","protected":false},"excerpt":{"rendered":"<p>Podemos hacer 1 apertura o todas las que quieras! Si te gusta salir de lo tradicional y dar este touch ..entonces esta es la propuesta para vos! TEMATIZA todas las tandas que vos quieras! Te mostramos algunas de las Opciones posibles.. CABARET \/Moulin Rouge\u00a0\u00a0\u00a0&#8211;\u00a0\u00a0\u00a0GASTBY\/A\u00d1OS 20\u00a0\u00a0&#8211;\u00a0\u00a0\u00a0DISCO\u00a0\u00a0&#8211;\u00a0\u00a0URBANA &#8211;\u00a0\u00a0POP LATINA \/ LATINA &#8211;\u00a0\u00a0ELECTR\u00d3NICA &#8211;\u00a0\u00a0LUM\u00cdNICA &#8211;\u00a0\u00a0CASA DE PAPEL &#8211;\u00a0SHUFFLE [&hellip;]<\/p>\n","protected":false},"author":3,"featured_media":0,"parent":0,"menu_order":0,"comment_status":"closed","ping_status":"closed","template":"","meta":{"footnotes":""},"class_list":["post-559","page","type-page","status-publish","hentry"],"aioseo_notices":[],"_links":{"self":[{"href":"https:\/\/valkiriaseventos.com.ar\/valkirias-shows\/wp-json\/wp\/v2\/pages\/559","targetHints":{"allow":["GET"]}}],"collection":[{"href":"https:\/\/valkiriaseventos.com.ar\/valkirias-shows\/wp-json\/wp\/v2\/pages"}],"about":[{"href":"https:\/\/valkiriaseventos.com.ar\/valkirias-shows\/wp-json\/wp\/v2\/types\/page"}],"author":[{"embeddable":true,"href":"https:\/\/valkiriaseventos.com.ar\/valkirias-shows\/wp-json\/wp\/v2\/users\/3"}],"replies":[{"embeddable":true,"href":"https:\/\/valkiriaseventos.com.ar\/valkirias-shows\/wp-json\/wp\/v2\/comments?post=559"}],"version-history":[{"count":5,"href":"https:\/\/valkiriaseventos.com.ar\/valkirias-shows\/wp-json\/wp\/v2\/pages\/559\/revisions"}],"predecessor-version":[{"id":2881,"href":"https:\/\/valkiriaseventos.com.ar\/valkirias-shows\/wp-json\/wp\/v2\/pages\/559\/revisions\/2881"}],"wp:attachment":[{"href":"https:\/\/valkiriaseventos.com.ar\/valkirias-shows\/wp-json\/wp\/v2\/media?parent=559"}],"curies":[{"name":"wp","href":"https:\/\/api.w.org\/{rel}","templated":true}]}}