{"id":33,"date":"2016-07-18T14:13:03","date_gmt":"2016-07-18T14:13:03","guid":{"rendered":"http:\/\/valkiriaseventos.com.ar\/valkirias-shows\/?page_id=33"},"modified":"2025-10-15T06:35:14","modified_gmt":"2025-10-15T06:35:14","slug":"quienes-somos","status":"publish","type":"page","link":"https:\/\/valkiriaseventos.com.ar\/valkirias-shows\/quienes-somos\/","title":{"rendered":"Quienes somos"},"content":{"rendered":"<section class=\"hcode-row-1 no-margin-top sm-no-margin-top xs-no-margin-top\"><div class=\"container\"><div class=\"row\"><div class=\"wpb_column hcode-column-container vc_col-sm-6 col-xs-mobile-fullwidth\" data-front-class=\"col-xs-mobile-fullwidth\"><div class=\"vc-column-innner-wrapper\"><h4 class=\"section-title hcode-heading-1\" style=\" color:#e7044b; \">Un equipo apasionado, creativo y comprometido.<\/h4><p style=\"text-align: justify;\">Donde nos caracterizamos adem\u00e1s de ser buenos profesionales...\u00a0en ser \u00a0\u201cbuenas personas\u201d creyendo que el \u201cEquipo\u201d es el pasaporte hacia los buenos resultados.<br \/>\nEste gran \u201cTeam\u201d, est\u00e1 liderado por Fernanda Spinello, una persona curiosa, autodidacta y amante de los desaf\u00edos, qui\u00e9n se recibi\u00f3 de Organizadora de Eventos en el C.O.E, en 1999 y viene capacit\u00e1ndose constantemente para estar al tanto de las nuevas tecnolog\u00edas y tendencias del mercado.<\/p>\n<\/div><\/div><div class=\"wpb_column hcode-column-container vc_col-sm-6 col-xs-mobile-fullwidth\" data-front-class=\"col-xs-mobile-fullwidth\"><div class=\"vc-column-innner-wrapper\"><h4 class=\"section-title hcode-heading-2\" style=\" color:#e7044b; \">Qu\u00e9 nos inspira<\/h4><p><img loading=\"lazy\" decoding=\"async\" class=\"alignnone size-full wp-image-39\" src=\"http:\/\/valkiriaseventos.com.ar\/valkirias-shows\/wp-content\/uploads\/2016\/07\/valores-valkirias-eventos.png\" alt=\"valores-valkirias-eventos\" width=\"275\" height=\"147\" \/><img loading=\"lazy\" decoding=\"async\" class=\"alignnone size-full wp-image-41\" src=\"http:\/\/valkiriaseventos.com.ar\/valkirias-shows\/wp-content\/uploads\/2016\/07\/valores-valkirias-eventos2.png\" alt=\"valores-valkirias-eventos2\" width=\"275\" height=\"147\" \/><\/p>\n<\/div><\/div><\/div><\/div><\/section><section class=\"hcode-row-2 no-padding\"><div class=\"container-fluid\"><div class=\"row\"><div class=\"wpb_column hcode-column-container no-padding  col-xs-mobile-fullwidth wow fadeIn\" data-front-class=\"no-padding col-xs-mobile-fullwidth front-column-class\"><div class=\"vc-column-innner-wrapper\"><div  class=\"work-2col\"><div class=\"col-md-12 grid-gallery overflow-hidden no-padding\"><ul class=\"grid masonry-items lightbox-gallery\"><li class=\"\"><a href=\"https:\/\/valkiriaseventos.com.ar\/valkirias-shows\/wp-content\/uploads\/2016\/07\/valkirias-eventos-el-equipo.jpg\" class=\"lightboxgalleryitem\" data-group=\"default\" ><img loading=\"lazy\" decoding=\"async\" width=\"1000\" height=\"702\" src=\"https:\/\/valkiriaseventos.com.ar\/valkirias-shows\/wp-content\/uploads\/2016\/07\/valkirias-eventos-el-equipo.jpg\" class=\"attachment-full size-full\" alt=\"\" srcset=\"https:\/\/valkiriaseventos.com.ar\/valkirias-shows\/wp-content\/uploads\/2016\/07\/valkirias-eventos-el-equipo.jpg 1000w, https:\/\/valkiriaseventos.com.ar\/valkirias-shows\/wp-content\/uploads\/2016\/07\/valkirias-eventos-el-equipo-300x211.jpg 300w, https:\/\/valkiriaseventos.com.ar\/valkirias-shows\/wp-content\/uploads\/2016\/07\/valkirias-eventos-el-equipo-768x539.jpg 768w\" sizes=\"auto, (max-width: 1000px) 100vw, 1000px\" \/><\/a><\/li><li class=\"\"><a href=\"https:\/\/valkiriaseventos.com.ar\/valkirias-shows\/wp-content\/uploads\/2016\/07\/valkirias-eventos-el-equipo2.jpg\" class=\"lightboxgalleryitem\" data-group=\"default\" ><img loading=\"lazy\" decoding=\"async\" width=\"1000\" height=\"702\" src=\"https:\/\/valkiriaseventos.com.ar\/valkirias-shows\/wp-content\/uploads\/2016\/07\/valkirias-eventos-el-equipo2.jpg\" class=\"attachment-full size-full\" alt=\"\" srcset=\"https:\/\/valkiriaseventos.com.ar\/valkirias-shows\/wp-content\/uploads\/2016\/07\/valkirias-eventos-el-equipo2.jpg 1000w, https:\/\/valkiriaseventos.com.ar\/valkirias-shows\/wp-content\/uploads\/2016\/07\/valkirias-eventos-el-equipo2-300x211.jpg 300w, https:\/\/valkiriaseventos.com.ar\/valkirias-shows\/wp-content\/uploads\/2016\/07\/valkirias-eventos-el-equipo2-768x539.jpg 768w\" sizes=\"auto, (max-width: 1000px) 100vw, 1000px\" \/><\/a><\/li><\/ul><\/div><\/div><\/div><\/div><\/div><\/div><\/section><section style=\"background-color:#243d56;\"><div class=\"container\"><div class=\"row\"><div class=\"wpb_column hcode-column-container center-col text-center vc_col-sm-8 vc_col-md-6 col-xs-mobile-fullwidth\" data-front-class=\"center-col text-center col-xs-mobile-fullwidth\"><div class=\"vc-column-innner-wrapper\"><h1 style=\"text-align: center; color: #e7044b;\"><strong>DESDE 2001<\/strong><\/h1>\n<h4 style=\"color: white;\">ESTAMOS EN EL MERCADO DESDE EL A\u00d1O 2001, APRENDIENDO, CRECIENDO Y AYUDANDO A NUESTROS CLIENTES A ALCANZAR SUS OBJETIVOS A TRAV\u00c9Z DE LA PODEROSA HERRAMIENTA LLAMADA EVENTO.<\/h4>\n<\/div><\/div><\/div><\/div><\/section><section class=\"hcode-row-3 sm-no-padding wow fadeIn\"><div class=\"container\"><div class=\"row\"><div class=\"wpb_column hcode-column-container fit-videos pull-right center-col text-center sm-text-center no-padding-top  vc_col-md-10 vc_col-xs-12\" data-front-class=\"fit-videos pull-right center-col text-center sm-text-center no-padding-top front-column-class\"><div class=\"vc-column-innner-wrapper\"><div class=\"hcode-space  hcode-space-1\"><\/div><div class=\"fit-videos\"><iframe loading=\"lazy\" width=\"1280\" height=\"720\"  src=\"https:\/\/www.youtube.com\/embed\/Aj0-8lI7Vg0?allowfullscreen&amp;rel=0&amp;showinfo=0&autoplay=0&loop=0\"><\/iframe><\/div><\/div><\/div><\/div><\/div><\/section><section class=\"wow fadeIn\"><div class=\"container\"><div class=\"row\"><div class=\"wpb_column hcode-column-container text-center sm-margin-ten-bottom xs-margin-ten-bottom vc_col-sm-6 vc_col-md-3 col-xs-mobile-fullwidth\" data-front-class=\"text-center sm-margin-ten-bottom xs-margin-ten-bottom col-xs-mobile-fullwidth\"><div class=\"vc-column-innner-wrapper\"><div class=\"counter-section\"><span id=\"counter_1\" data-to=\"875\" class=\"counter-number black-text\">875<\/span><span class=\"counter-title black-text\">Eventos Realizados<\/span><\/div><\/div><\/div><div class=\"wpb_column hcode-column-container text-center sm-margin-ten-bottom xs-margin-ten-bottom vc_col-sm-6 vc_col-md-3 col-xs-mobile-fullwidth\" data-front-class=\"text-center sm-margin-ten-bottom xs-margin-ten-bottom col-xs-mobile-fullwidth\"><div class=\"vc-column-innner-wrapper\"><div class=\"counter-section\"><span id=\"counter_2\" data-to=\"5000\" class=\"counter-number black-text\">5000<\/span><span class=\"counter-title black-text\">Invitados Felices<\/span><\/div><\/div><\/div><div class=\"wpb_column hcode-column-container text-center xs-margin-ten-bottom vc_col-sm-6 vc_col-md-3 col-xs-mobile-fullwidth\" data-front-class=\"text-center xs-margin-ten-bottom col-xs-mobile-fullwidth\"><div class=\"vc-column-innner-wrapper\"><div class=\"counter-section\"><span id=\"counter_3\" data-to=\"352\" class=\"counter-number black-text\">352<\/span><span class=\"counter-title black-text\">Vinos Abiertos<\/span><\/div><\/div><\/div><div class=\"wpb_column hcode-column-container text-center vc_col-sm-6 vc_col-md-3 col-xs-mobile-fullwidth\" data-front-class=\"text-center col-xs-mobile-fullwidth\"><div class=\"vc-column-innner-wrapper\"><div class=\"counter-section\"><span id=\"counter_4\" data-to=\"20000\" class=\"counter-number black-text\">20000<\/span><span class=\"counter-title black-text\">Horas dedicadas<\/span><\/div><\/div><\/div><\/div><\/div><\/section><section class=\"hcode-row-4\" style=\"background-color:#e6034a;\"><div class=\"container\"><div class=\"row\"><div class=\"wpb_column hcode-column-container text-center  vc_col-md-12 col-xs-mobile-fullwidth\" data-front-class=\"text-center col-xs-mobile-fullwidth front-column-class\"><div class=\"vc-column-innner-wrapper\"><h4 style=\"text-align: center; uppercase; font-weight: 700; font-size: 21px; letter-spacing: 2px; padding: 0 0 30px 0;\"><span style=\"color: #ffffff;\">\u00bfQUER\u00c9S COMENZAR UN PROYECTO?<\/span><\/h4>\n<a  href=\"https:\/\/valkiriaseventos.com.ar\/contacto\/\" target=\"_self\"  class=\"boton3 inner-link button btn wow fadeInUp btn-small-white btn-round btn-medium\">CONTACTANOS<\/a><\/div><\/div><\/div><\/div><\/section>\n","protected":false},"excerpt":{"rendered":"<p>Un equipo apasionado, creativo y comprometido.Donde nos caracterizamos adem\u00e1s de ser buenos profesionales&#8230;\u00a0en ser \u00a0\u201cbuenas personas\u201d creyendo que el \u201cEquipo\u201d es el pasaporte hacia los buenos resultados. Este gran \u201cTeam\u201d, est\u00e1 liderado por Fernanda Spinello, una persona curiosa, autodidacta y amante de los desaf\u00edos, qui\u00e9n se recibi\u00f3 de Organizadora de Eventos en el C.O.E, en [&hellip;]<\/p>\n","protected":false},"author":3,"featured_media":0,"parent":0,"menu_order":0,"comment_status":"closed","ping_status":"closed","template":"","meta":{"footnotes":""},"class_list":["post-33","page","type-page","status-publish","hentry"],"aioseo_notices":[],"_links":{"self":[{"href":"https:\/\/valkiriaseventos.com.ar\/valkirias-shows\/wp-json\/wp\/v2\/pages\/33","targetHints":{"allow":["GET"]}}],"collection":[{"href":"https:\/\/valkiriaseventos.com.ar\/valkirias-shows\/wp-json\/wp\/v2\/pages"}],"about":[{"href":"https:\/\/valkiriaseventos.com.ar\/valkirias-shows\/wp-json\/wp\/v2\/types\/page"}],"author":[{"embeddable":true,"href":"https:\/\/valkiriaseventos.com.ar\/valkirias-shows\/wp-json\/wp\/v2\/users\/3"}],"replies":[{"embeddable":true,"href":"https:\/\/valkiriaseventos.com.ar\/valkirias-shows\/wp-json\/wp\/v2\/comments?post=33"}],"version-history":[{"count":7,"href":"https:\/\/valkiriaseventos.com.ar\/valkirias-shows\/wp-json\/wp\/v2\/pages\/33\/revisions"}],"predecessor-version":[{"id":3861,"href":"https:\/\/valkiriaseventos.com.ar\/valkirias-shows\/wp-json\/wp\/v2\/pages\/33\/revisions\/3861"}],"wp:attachment":[{"href":"https:\/\/valkiriaseventos.com.ar\/valkirias-shows\/wp-json\/wp\/v2\/media?parent=33"}],"curies":[{"name":"wp","href":"https:\/\/api.w.org\/{rel}","templated":true}]}}