{"id":1747,"date":"2016-08-04T18:04:29","date_gmt":"2016-08-04T18:04:29","guid":{"rendered":"http:\/\/valkiriaseventos.com.ar\/valkirias-shows\/?page_id=1747"},"modified":"2026-02-23T02:42:24","modified_gmt":"2026-02-23T02:42:24","slug":"personajes-para-recepcion","status":"publish","type":"page","link":"https:\/\/valkiriaseventos.com.ar\/valkirias-shows\/personajes-para-recepcion\/","title":{"rendered":"Personajes para Recepci\u00f3n"},"content":{"rendered":"<section class=\"hcode-row-1\"><div class=\"wpb_column hcode-column-container vc_col-sm-12 col-xs-mobile-fullwidth\" data-front-class=\"col-xs-mobile-fullwidth\"><div class=\"vc-column-innner-wrapper\"><div  class=\"work-4col gutter work-with-title \"><div class=\"col-md-12  grid-gallery overflow-hidden  content-section\"><div class=\"tab-content portfolio-infinite-scroll-pagination\"><ul class=\"grid masonry-items masonry-portfolio-grid   hcode-portfolio-1\" data-portfolio=\"\" data-uniqueid=\"hcode-portfolio-1\"><li class=\"portfolio-filter-39 \"><figure><div class=\"gallery-img\"><a href=\"https:\/\/valkiriaseventos.com.ar\/valkirias-shows\/show\/personajes-futuristas\/\"><img loading=\"lazy\" decoding=\"async\" width=\"374\" height=\"234\" src=\"https:\/\/valkiriaseventos.com.ar\/valkirias-shows\/wp-content\/uploads\/2025\/12\/PERSONAJESFUTURISTASValkiriaseventos-374x234.jpg\" class=\"hcode-portfolio-img wp-post-image\" alt=\"\" srcset=\"https:\/\/valkiriaseventos.com.ar\/valkirias-shows\/wp-content\/uploads\/2025\/12\/PERSONAJESFUTURISTASValkiriaseventos-374x234.jpg 374w, https:\/\/valkiriaseventos.com.ar\/valkirias-shows\/wp-content\/uploads\/2025\/12\/PERSONAJESFUTURISTASValkiriaseventos-133x83.jpg 133w\" sizes=\"auto, (max-width: 374px) 100vw, 374px\" \/><\/a><\/div><figcaption><h3 class=\"\"><a href=\"https:\/\/valkiriaseventos.com.ar\/valkirias-shows\/show\/personajes-futuristas\/\">PERSONAJES FUTURISTAS<\/a><\/h3><p class=\"\">[ VER M\u00c1S ]<\/p><\/figcaption><\/figure><\/li><li class=\"portfolio-filter-39 \"><figure><div class=\"gallery-img\"><a href=\"https:\/\/valkiriaseventos.com.ar\/valkirias-shows\/show\/los-ludic\/\"><img loading=\"lazy\" decoding=\"async\" width=\"374\" height=\"234\" src=\"https:\/\/valkiriaseventos.com.ar\/valkirias-shows\/wp-content\/uploads\/2024\/01\/los-ludic-valkirias-shows-374x234.jpg\" class=\"hcode-portfolio-img wp-post-image\" alt=\"\" srcset=\"https:\/\/valkiriaseventos.com.ar\/valkirias-shows\/wp-content\/uploads\/2024\/01\/los-ludic-valkirias-shows-374x234.jpg 374w, https:\/\/valkiriaseventos.com.ar\/valkirias-shows\/wp-content\/uploads\/2024\/01\/los-ludic-valkirias-shows-133x83.jpg 133w\" sizes=\"auto, (max-width: 374px) 100vw, 374px\" \/><\/a><\/div><figcaption><h3 class=\"\"><a href=\"https:\/\/valkiriaseventos.com.ar\/valkirias-shows\/show\/los-ludic\/\">LOS LUDIC<\/a><\/h3><p class=\"\">[ VER M\u00c1S ]<\/p><\/figcaption><\/figure><\/li><li class=\"portfolio-filter-39 portfolio-filter-42 \"><figure><div class=\"gallery-img\"><a href=\"https:\/\/valkiriaseventos.com.ar\/valkirias-shows\/show\/casino-ambulante\/\"><img loading=\"lazy\" decoding=\"async\" width=\"374\" height=\"234\" src=\"https:\/\/valkiriaseventos.com.ar\/valkirias-shows\/wp-content\/uploads\/2024\/01\/CASINOAMBULANTEPORTADAVALKIRIASEVENTOS-374x234.png\" class=\"hcode-portfolio-img wp-post-image\" alt=\"\" srcset=\"https:\/\/valkiriaseventos.com.ar\/valkirias-shows\/wp-content\/uploads\/2024\/01\/CASINOAMBULANTEPORTADAVALKIRIASEVENTOS-374x234.png 374w, https:\/\/valkiriaseventos.com.ar\/valkirias-shows\/wp-content\/uploads\/2024\/01\/CASINOAMBULANTEPORTADAVALKIRIASEVENTOS-133x83.png 133w\" sizes=\"auto, (max-width: 374px) 100vw, 374px\" \/><\/a><\/div><figcaption><h3 class=\"\"><a href=\"https:\/\/valkiriaseventos.com.ar\/valkirias-shows\/show\/casino-ambulante\/\">CASINO AMBULANTE<\/a><\/h3><p class=\"\">[ VER M\u00c1S ]<\/p><\/figcaption><\/figure><\/li><li class=\"portfolio-filter-39 \"><figure><div class=\"gallery-img\"><a href=\"https:\/\/valkiriaseventos.com.ar\/valkirias-shows\/show\/personajes-para-recepcion-tematicos\/\"><img loading=\"lazy\" decoding=\"async\" width=\"374\" height=\"234\" src=\"https:\/\/valkiriaseventos.com.ar\/valkirias-shows\/wp-content\/uploads\/2020\/04\/recepcion-tematicas-valkirias-shows1-374x234.jpg\" class=\"hcode-portfolio-img wp-post-image\" alt=\"\" srcset=\"https:\/\/valkiriaseventos.com.ar\/valkirias-shows\/wp-content\/uploads\/2020\/04\/recepcion-tematicas-valkirias-shows1-374x234.jpg 374w, https:\/\/valkiriaseventos.com.ar\/valkirias-shows\/wp-content\/uploads\/2020\/04\/recepcion-tematicas-valkirias-shows1-133x83.jpg 133w\" sizes=\"auto, (max-width: 374px) 100vw, 374px\" \/><\/a><\/div><figcaption><h3 class=\"\"><a href=\"https:\/\/valkiriaseventos.com.ar\/valkirias-shows\/show\/personajes-para-recepcion-tematicos\/\">PERSONAJES PARA RECEPCION TEM\u00c1TICOS<\/a><\/h3><p class=\"\">[ VER M\u00c1S ]<\/p><\/figcaption><\/figure><\/li><li class=\"portfolio-filter-39 \"><figure><div class=\"gallery-img\"><a href=\"https:\/\/valkiriaseventos.com.ar\/valkirias-shows\/show\/personajes-glam\/\"><img loading=\"lazy\" decoding=\"async\" width=\"374\" height=\"234\" src=\"https:\/\/valkiriaseventos.com.ar\/valkirias-shows\/wp-content\/uploads\/2020\/04\/personajes-glam-valkirias-shows2-374x234.jpg\" class=\"hcode-portfolio-img wp-post-image\" alt=\"\" srcset=\"https:\/\/valkiriaseventos.com.ar\/valkirias-shows\/wp-content\/uploads\/2020\/04\/personajes-glam-valkirias-shows2-374x234.jpg 374w, https:\/\/valkiriaseventos.com.ar\/valkirias-shows\/wp-content\/uploads\/2020\/04\/personajes-glam-valkirias-shows2-133x83.jpg 133w\" sizes=\"auto, (max-width: 374px) 100vw, 374px\" \/><\/a><\/div><figcaption><h3 class=\"\"><a href=\"https:\/\/valkiriaseventos.com.ar\/valkirias-shows\/show\/personajes-glam\/\">PERSONAJES GLAM<\/a><\/h3><p class=\"\">[ VER M\u00c1S ]<\/p><\/figcaption><\/figure><\/li><li class=\"portfolio-filter-39 \"><figure><div class=\"gallery-img\"><a href=\"https:\/\/valkiriaseventos.com.ar\/valkirias-shows\/show\/recepciones-excentric\/\"><img loading=\"lazy\" decoding=\"async\" width=\"374\" height=\"234\" src=\"https:\/\/valkiriaseventos.com.ar\/valkirias-shows\/wp-content\/uploads\/2018\/04\/recepciones-excentric-valkirias-shows-2-374x234.jpg\" class=\"hcode-portfolio-img wp-post-image\" alt=\"\" srcset=\"https:\/\/valkiriaseventos.com.ar\/valkirias-shows\/wp-content\/uploads\/2018\/04\/recepciones-excentric-valkirias-shows-2-374x234.jpg 374w, https:\/\/valkiriaseventos.com.ar\/valkirias-shows\/wp-content\/uploads\/2018\/04\/recepciones-excentric-valkirias-shows-2-133x83.jpg 133w\" sizes=\"auto, (max-width: 374px) 100vw, 374px\" \/><\/a><\/div><figcaption><h3 class=\"\"><a href=\"https:\/\/valkiriaseventos.com.ar\/valkirias-shows\/show\/recepciones-excentric\/\">RECEPCIONES EXCENTRIC<\/a><\/h3><p class=\"\">[ VER M\u00c1S ]<\/p><\/figcaption><\/figure><\/li><li class=\"portfolio-filter-39 \"><figure><div class=\"gallery-img\"><a href=\"https:\/\/valkiriaseventos.com.ar\/valkirias-shows\/show\/rincon-escenografico-para-fotos\/\"><img loading=\"lazy\" decoding=\"async\" width=\"374\" height=\"234\" src=\"https:\/\/valkiriaseventos.com.ar\/valkirias-shows\/wp-content\/uploads\/2018\/04\/rincon-escenografico-fotos-valkirias-shows-2-374x234.jpg\" class=\"hcode-portfolio-img wp-post-image\" alt=\"\" srcset=\"https:\/\/valkiriaseventos.com.ar\/valkirias-shows\/wp-content\/uploads\/2018\/04\/rincon-escenografico-fotos-valkirias-shows-2-374x234.jpg 374w, https:\/\/valkiriaseventos.com.ar\/valkirias-shows\/wp-content\/uploads\/2018\/04\/rincon-escenografico-fotos-valkirias-shows-2-133x83.jpg 133w\" sizes=\"auto, (max-width: 374px) 100vw, 374px\" \/><\/a><\/div><figcaption><h3 class=\"\"><a href=\"https:\/\/valkiriaseventos.com.ar\/valkirias-shows\/show\/rincon-escenografico-para-fotos\/\">RINCON ESCENOGRAFICO PARA FOTOS<\/a><\/h3><p class=\"\">[ VER M\u00c1S ]<\/p><\/figcaption><\/figure><\/li><li class=\"portfolio-filter-39 \"><figure><div class=\"gallery-img\"><a href=\"https:\/\/valkiriaseventos.com.ar\/valkirias-shows\/show\/estatuas-vivientes\/\"><img loading=\"lazy\" decoding=\"async\" width=\"374\" height=\"234\" src=\"https:\/\/valkiriaseventos.com.ar\/valkirias-shows\/wp-content\/uploads\/2018\/04\/estatua-viviente-valkirias-shows-2-374x234.jpg\" class=\"hcode-portfolio-img wp-post-image\" alt=\"\" srcset=\"https:\/\/valkiriaseventos.com.ar\/valkirias-shows\/wp-content\/uploads\/2018\/04\/estatua-viviente-valkirias-shows-2-374x234.jpg 374w, https:\/\/valkiriaseventos.com.ar\/valkirias-shows\/wp-content\/uploads\/2018\/04\/estatua-viviente-valkirias-shows-2-133x83.jpg 133w\" sizes=\"auto, (max-width: 374px) 100vw, 374px\" \/><\/a><\/div><figcaption><h3 class=\"\"><a href=\"https:\/\/valkiriaseventos.com.ar\/valkirias-shows\/show\/estatuas-vivientes\/\">ESTATUAS VIVIENTES<\/a><\/h3><p class=\"\">[ VER M\u00c1S ]<\/p><\/figcaption><\/figure><\/li><li class=\"portfolio-filter-39 \"><figure><div class=\"gallery-img\"><a href=\"https:\/\/valkiriaseventos.com.ar\/valkirias-shows\/show\/candy-girls\/\"><img loading=\"lazy\" decoding=\"async\" width=\"374\" height=\"234\" src=\"https:\/\/valkiriaseventos.com.ar\/valkirias-shows\/wp-content\/uploads\/2017\/11\/candygirlsvalkiriaseventosportada-374x234.jpg\" class=\"hcode-portfolio-img wp-post-image\" alt=\"\" srcset=\"https:\/\/valkiriaseventos.com.ar\/valkirias-shows\/wp-content\/uploads\/2017\/11\/candygirlsvalkiriaseventosportada-374x234.jpg 374w, https:\/\/valkiriaseventos.com.ar\/valkirias-shows\/wp-content\/uploads\/2017\/11\/candygirlsvalkiriaseventosportada-133x83.jpg 133w\" sizes=\"auto, (max-width: 374px) 100vw, 374px\" \/><\/a><\/div><figcaption><h3 class=\"\"><a href=\"https:\/\/valkiriaseventos.com.ar\/valkirias-shows\/show\/candy-girls\/\">CANDY GIRLS<\/a><\/h3><p class=\"\">[ VER M\u00c1S]<\/p><\/figcaption><\/figure><\/li><li class=\"portfolio-filter-39 \"><figure><div class=\"gallery-img\"><a href=\"https:\/\/valkiriaseventos.com.ar\/valkirias-shows\/show\/barras-bravas-seguridad-trucho\/\"><img loading=\"lazy\" decoding=\"async\" width=\"374\" height=\"234\" src=\"https:\/\/valkiriaseventos.com.ar\/valkirias-shows\/wp-content\/uploads\/2017\/02\/barras-bravas-valkirias-eventos-shows1-374x234.jpg\" class=\"hcode-portfolio-img wp-post-image\" alt=\"\" srcset=\"https:\/\/valkiriaseventos.com.ar\/valkirias-shows\/wp-content\/uploads\/2017\/02\/barras-bravas-valkirias-eventos-shows1-374x234.jpg 374w, https:\/\/valkiriaseventos.com.ar\/valkirias-shows\/wp-content\/uploads\/2017\/02\/barras-bravas-valkirias-eventos-shows1-133x83.jpg 133w\" sizes=\"auto, (max-width: 374px) 100vw, 374px\" \/><\/a><\/div><figcaption><h3 class=\"\"><a href=\"https:\/\/valkiriaseventos.com.ar\/valkirias-shows\/show\/barras-bravas-seguridad-trucho\/\">BARRAS BRAVAS + SEGURIDAD TRUCHO<\/a><\/h3><p class=\"\">[ VER M\u00c1S ]<\/p><\/figcaption><\/figure><\/li><li class=\"portfolio-filter-39 \"><figure><div class=\"gallery-img\"><a href=\"https:\/\/valkiriaseventos.com.ar\/valkirias-shows\/show\/caricaturista\/\"><img loading=\"lazy\" decoding=\"async\" width=\"374\" height=\"234\" src=\"https:\/\/valkiriaseventos.com.ar\/valkirias-shows\/wp-content\/uploads\/2016\/08\/caricaturista-valkirias-eventos-shows-2-374x234.jpg\" class=\"hcode-portfolio-img wp-post-image\" alt=\"\" srcset=\"https:\/\/valkiriaseventos.com.ar\/valkirias-shows\/wp-content\/uploads\/2016\/08\/caricaturista-valkirias-eventos-shows-2-374x234.jpg 374w, https:\/\/valkiriaseventos.com.ar\/valkirias-shows\/wp-content\/uploads\/2016\/08\/caricaturista-valkirias-eventos-shows-2-133x83.jpg 133w\" sizes=\"auto, (max-width: 374px) 100vw, 374px\" \/><\/a><\/div><figcaption><h3 class=\"\"><a href=\"https:\/\/valkiriaseventos.com.ar\/valkirias-shows\/show\/caricaturista\/\">CARICATURISTA<\/a><\/h3><p class=\"\">[ ver m\u00e1s ]<\/p><\/figcaption><\/figure><\/li><li class=\"portfolio-filter-39 \"><figure><div class=\"gallery-img\"><a href=\"https:\/\/valkiriaseventos.com.ar\/valkirias-shows\/show\/soy-tu-fan\/\"><img loading=\"lazy\" decoding=\"async\" width=\"374\" height=\"234\" src=\"https:\/\/valkiriaseventos.com.ar\/valkirias-shows\/wp-content\/uploads\/2016\/08\/soy-tu-fan-valkirias-eventos-shows-2-1-374x234.jpg\" class=\"hcode-portfolio-img wp-post-image\" alt=\"\" srcset=\"https:\/\/valkiriaseventos.com.ar\/valkirias-shows\/wp-content\/uploads\/2016\/08\/soy-tu-fan-valkirias-eventos-shows-2-1-374x234.jpg 374w, https:\/\/valkiriaseventos.com.ar\/valkirias-shows\/wp-content\/uploads\/2016\/08\/soy-tu-fan-valkirias-eventos-shows-2-1-133x83.jpg 133w\" sizes=\"auto, (max-width: 374px) 100vw, 374px\" \/><\/a><\/div><figcaption><h3 class=\"\"><a href=\"https:\/\/valkiriaseventos.com.ar\/valkirias-shows\/show\/soy-tu-fan\/\">SOY TU FAN!!<\/a><\/h3><p class=\"\">[ VER M\u00c1S ]<\/p><\/figcaption><\/figure><\/li><li class=\"portfolio-filter-39 \"><figure><div class=\"gallery-img\"><a href=\"https:\/\/valkiriaseventos.com.ar\/valkirias-shows\/show\/los-reporteros\/\"><img loading=\"lazy\" decoding=\"async\" width=\"374\" height=\"234\" src=\"https:\/\/valkiriaseventos.com.ar\/valkirias-shows\/wp-content\/uploads\/2016\/08\/los-reporteros-valkirias-eventos-shows-4-374x234.jpg\" class=\"hcode-portfolio-img wp-post-image\" alt=\"\" srcset=\"https:\/\/valkiriaseventos.com.ar\/valkirias-shows\/wp-content\/uploads\/2016\/08\/los-reporteros-valkirias-eventos-shows-4-374x234.jpg 374w, https:\/\/valkiriaseventos.com.ar\/valkirias-shows\/wp-content\/uploads\/2016\/08\/los-reporteros-valkirias-eventos-shows-4-133x83.jpg 133w\" sizes=\"auto, (max-width: 374px) 100vw, 374px\" \/><\/a><\/div><figcaption><h3 class=\"\"><a href=\"https:\/\/valkiriaseventos.com.ar\/valkirias-shows\/show\/los-reporteros\/\">LOS REPORTEROS<\/a><\/h3><p class=\"\">[ ver m\u00e1s ]<\/p><\/figcaption><\/figure><\/li><li class=\"portfolio-filter-39 \"><figure><div class=\"gallery-img\"><a href=\"https:\/\/valkiriaseventos.com.ar\/valkirias-shows\/show\/alfombra-roja\/\"><img loading=\"lazy\" decoding=\"async\" width=\"374\" height=\"234\" src=\"https:\/\/valkiriaseventos.com.ar\/valkirias-shows\/wp-content\/uploads\/2016\/08\/alfombra-roja-valkirias-eventos-shows-2-374x234.jpg\" class=\"hcode-portfolio-img wp-post-image\" alt=\"\" srcset=\"https:\/\/valkiriaseventos.com.ar\/valkirias-shows\/wp-content\/uploads\/2016\/08\/alfombra-roja-valkirias-eventos-shows-2-374x234.jpg 374w, https:\/\/valkiriaseventos.com.ar\/valkirias-shows\/wp-content\/uploads\/2016\/08\/alfombra-roja-valkirias-eventos-shows-2-133x83.jpg 133w\" sizes=\"auto, (max-width: 374px) 100vw, 374px\" \/><\/a><\/div><figcaption><h3 class=\"\"><a href=\"https:\/\/valkiriaseventos.com.ar\/valkirias-shows\/show\/alfombra-roja\/\">ALFOMBRA ROJA<\/a><\/h3><p class=\"\">[ VER M\u00c1S ]<\/p><\/figcaption><\/figure><\/li><li class=\"portfolio-filter-39 \"><figure><div class=\"gallery-img\"><a href=\"https:\/\/valkiriaseventos.com.ar\/valkirias-shows\/show\/personajes-retro\/\"><img loading=\"lazy\" decoding=\"async\" width=\"374\" height=\"234\" src=\"https:\/\/valkiriaseventos.com.ar\/valkirias-shows\/wp-content\/uploads\/2016\/08\/personajes-retro-valkirias-eventos-shows-4-374x234.jpg\" class=\"hcode-portfolio-img wp-post-image\" alt=\"\" srcset=\"https:\/\/valkiriaseventos.com.ar\/valkirias-shows\/wp-content\/uploads\/2016\/08\/personajes-retro-valkirias-eventos-shows-4-374x234.jpg 374w, https:\/\/valkiriaseventos.com.ar\/valkirias-shows\/wp-content\/uploads\/2016\/08\/personajes-retro-valkirias-eventos-shows-4-133x83.jpg 133w\" sizes=\"auto, (max-width: 374px) 100vw, 374px\" \/><\/a><\/div><figcaption><h3 class=\"\"><a href=\"https:\/\/valkiriaseventos.com.ar\/valkirias-shows\/show\/personajes-retro\/\">PERSONAJES RETRO<\/a><\/h3><p class=\"\">[ VER M\u00c1S ]<\/p><\/figcaption><\/figure><\/li><li class=\"portfolio-filter-39 \"><figure><div class=\"gallery-img\"><a href=\"https:\/\/valkiriaseventos.com.ar\/valkirias-shows\/show\/el-acertijo-ambulante\/\"><img loading=\"lazy\" decoding=\"async\" width=\"374\" height=\"234\" src=\"https:\/\/valkiriaseventos.com.ar\/valkirias-shows\/wp-content\/uploads\/2016\/08\/el-acertijo-valkirias-eventos-shows-1-374x234.jpg\" class=\"hcode-portfolio-img wp-post-image\" alt=\"\" srcset=\"https:\/\/valkiriaseventos.com.ar\/valkirias-shows\/wp-content\/uploads\/2016\/08\/el-acertijo-valkirias-eventos-shows-1-374x234.jpg 374w, https:\/\/valkiriaseventos.com.ar\/valkirias-shows\/wp-content\/uploads\/2016\/08\/el-acertijo-valkirias-eventos-shows-1-133x83.jpg 133w\" sizes=\"auto, (max-width: 374px) 100vw, 374px\" \/><\/a><\/div><figcaption><h3 class=\"\"><a href=\"https:\/\/valkiriaseventos.com.ar\/valkirias-shows\/show\/el-acertijo-ambulante\/\">El ACERTIJO Ambulante<\/a><\/h3><p class=\"\">[ VER M\u00c1S ]<\/p><\/figcaption><\/figure><\/li><li class=\"portfolio-filter-39 \"><figure><div class=\"gallery-img\"><a href=\"https:\/\/valkiriaseventos.com.ar\/valkirias-shows\/show\/kermesse-ambulante-personajes-juego-movil\/\"><img loading=\"lazy\" decoding=\"async\" width=\"374\" height=\"234\" src=\"https:\/\/valkiriaseventos.com.ar\/valkirias-shows\/wp-content\/uploads\/2016\/08\/kermesse-ambulante-valkirias-eventos-shows-1-374x234.jpg\" class=\"hcode-portfolio-img wp-post-image\" alt=\"\" srcset=\"https:\/\/valkiriaseventos.com.ar\/valkirias-shows\/wp-content\/uploads\/2016\/08\/kermesse-ambulante-valkirias-eventos-shows-1-374x234.jpg 374w, https:\/\/valkiriaseventos.com.ar\/valkirias-shows\/wp-content\/uploads\/2016\/08\/kermesse-ambulante-valkirias-eventos-shows-1-133x83.jpg 133w\" sizes=\"auto, (max-width: 374px) 100vw, 374px\" \/><\/a><\/div><figcaption><h3 class=\"\"><a href=\"https:\/\/valkiriaseventos.com.ar\/valkirias-shows\/show\/kermesse-ambulante-personajes-juego-movil\/\">KERMESSE AMBULANTE + Juego M\u00f3vil<\/a><\/h3><p class=\"\">[ VER M\u00c1S ]<\/p><\/figcaption><\/figure><\/li><\/ul><\/div><\/div><\/div><\/div><\/div><\/section>\n","protected":false},"excerpt":{"rendered":"<p>Personajes con unos vestuarios de mucho impacto visual, son actores que llevan juegos port\u00e1tiles, generando un plus de humor con la interacci\u00f3n y competencia con el otro a trav\u00e9s de lo l\u00fadico. Es ideal para recepciones donde se quiera sorprender con lo in\u00e9dito de la propuesta, y tenga como objetivo descontracturar ese momento generando un [&hellip;]<\/p>\n","protected":false},"author":3,"featured_media":0,"parent":0,"menu_order":0,"comment_status":"closed","ping_status":"closed","template":"","meta":{"footnotes":""},"class_list":["post-1747","page","type-page","status-publish","hentry"],"aioseo_notices":[],"_links":{"self":[{"href":"https:\/\/valkiriaseventos.com.ar\/valkirias-shows\/wp-json\/wp\/v2\/pages\/1747","targetHints":{"allow":["GET"]}}],"collection":[{"href":"https:\/\/valkiriaseventos.com.ar\/valkirias-shows\/wp-json\/wp\/v2\/pages"}],"about":[{"href":"https:\/\/valkiriaseventos.com.ar\/valkirias-shows\/wp-json\/wp\/v2\/types\/page"}],"author":[{"embeddable":true,"href":"https:\/\/valkiriaseventos.com.ar\/valkirias-shows\/wp-json\/wp\/v2\/users\/3"}],"replies":[{"embeddable":true,"href":"https:\/\/valkiriaseventos.com.ar\/valkirias-shows\/wp-json\/wp\/v2\/comments?post=1747"}],"version-history":[{"count":4,"href":"https:\/\/valkiriaseventos.com.ar\/valkirias-shows\/wp-json\/wp\/v2\/pages\/1747\/revisions"}],"predecessor-version":[{"id":4094,"href":"https:\/\/valkiriaseventos.com.ar\/valkirias-shows\/wp-json\/wp\/v2\/pages\/1747\/revisions\/4094"}],"wp:attachment":[{"href":"https:\/\/valkiriaseventos.com.ar\/valkirias-shows\/wp-json\/wp\/v2\/media?parent=1747"}],"curies":[{"name":"wp","href":"https:\/\/api.w.org\/{rel}","templated":true}]}}